{"id":98,"date":"2022-06-05T01:37:07","date_gmt":"2022-06-05T01:37:07","guid":{"rendered":"http:\/\/tupalabra.info\/?post_type=product&#038;p=98"},"modified":"2025-11-23T14:46:39","modified_gmt":"2025-11-23T14:46:39","slug":"proclama-por-mis-hijos","status":"publish","type":"product","link":"https:\/\/tupalabra.info\/index.php\/product\/proclama-por-mis-hijos\/","title":{"rendered":"Proclamas por mis hijos"},"content":{"rendered":"<p>Libro devocional bellamente ilustrado a todo color, con el desaf\u00edo de levantar &#8220;Proclamas por nuestros hijos&#8221; durante 30 d\u00edas junto a la gu\u00eda de la Palabra de Dios. En estas p\u00e1ginas podr\u00e1s levantar una proclama diarias en tus oraciones, podr\u00e1s realizar anotaciones personales y llevar un registro de este proceso.<\/p>\n<p>\u2022 52 p\u00e1ginas<br \/>\n\u2022 Libro ilustrado<br \/>\n\u2022 Full color<br \/>\n\u2022 Tama\u00f1o 5.5&#215;8.5 in<br \/>\n\u2022 Portada full color, finalizado mate<\/p>\n","protected":false},"excerpt":{"rendered":"<p>Libro devocional bellamente ilustrado a todo color, con el desaf\u00edo de levantar &#8220;Proclamas por nuestros hijos&#8221; durante 30 d\u00edas junto a la gu\u00eda de la Palabra de Dios. En estas p\u00e1ginas podr\u00e1s levantar una proclama diarias en tus oraciones, podr\u00e1s realizar anotaciones personales y llevar un registro de este proceso.<\/p>\n","protected":false},"featured_media":99,"comment_status":"open","ping_status":"closed","template":"","meta":{"_et_pb_use_builder":"","_et_pb_old_content":"","_et_gb_content_width":"","_monsterinsights_skip_tracking":false,"_monsterinsights_sitenote_active":false,"_monsterinsights_sitenote_note":"","_monsterinsights_sitenote_category":0},"product_brand":[],"product_cat":[28,21,20],"product_tag":[29,23,27,24,25],"class_list":{"0":"post-98","1":"product","2":"type-product","3":"status-publish","4":"has-post-thumbnail","6":"product_cat-devocional","7":"product_cat-familia","8":"product_cat-libros-impresos","9":"product_tag-30-dias-orando-por-mis-hijos","10":"product_tag-devocional-familiar","11":"product_tag-guia-de-oracion-por-los-hijos","12":"product_tag-orando-por-mis-hijos","13":"product_tag-proclama-por-mis-hijos","15":"first","16":"instock","17":"taxable","18":"shipping-taxable","19":"purchasable","20":"product-type-simple"},"jetpack_sharing_enabled":true,"_links":{"self":[{"href":"https:\/\/tupalabra.info\/index.php\/wp-json\/wp\/v2\/product\/98","targetHints":{"allow":["GET"]}}],"collection":[{"href":"https:\/\/tupalabra.info\/index.php\/wp-json\/wp\/v2\/product"}],"about":[{"href":"https:\/\/tupalabra.info\/index.php\/wp-json\/wp\/v2\/types\/product"}],"replies":[{"embeddable":true,"href":"https:\/\/tupalabra.info\/index.php\/wp-json\/wp\/v2\/comments?post=98"}],"wp:featuredmedia":[{"embeddable":true,"href":"https:\/\/tupalabra.info\/index.php\/wp-json\/wp\/v2\/media\/99"}],"wp:attachment":[{"href":"https:\/\/tupalabra.info\/index.php\/wp-json\/wp\/v2\/media?parent=98"}],"wp:term":[{"taxonomy":"product_brand","embeddable":true,"href":"https:\/\/tupalabra.info\/index.php\/wp-json\/wp\/v2\/product_brand?post=98"},{"taxonomy":"product_cat","embeddable":true,"href":"https:\/\/tupalabra.info\/index.php\/wp-json\/wp\/v2\/product_cat?post=98"},{"taxonomy":"product_tag","embeddable":true,"href":"https:\/\/tupalabra.info\/index.php\/wp-json\/wp\/v2\/product_tag?post=98"}],"curies":[{"name":"wp","href":"https:\/\/api.w.org\/{rel}","templated":true}]}}