{"id":417,"date":"2023-03-30T01:09:44","date_gmt":"2023-03-30T01:09:44","guid":{"rendered":"https:\/\/tupalabra.info\/?post_type=product&#038;p=417"},"modified":"2025-11-23T14:47:47","modified_gmt":"2025-11-23T14:47:47","slug":"reloj-de-dios","status":"publish","type":"product","link":"https:\/\/tupalabra.info\/index.php\/product\/reloj-de-dios\/","title":{"rendered":"El Reloj de Dios"},"content":{"rendered":"<ul>\n<li>Colorido libro infantil que nos ayuda a aprender sobre las convocatorias b\u00edblicas, esas citas divinas que fueron se\u00f1aladas por El Padre Celestial las mismas que todo ciudadano del Reino debe conocerlas y celebrarlas para que avance en dise\u00f1o y prop\u00f3sito. Adqu\u00ederelo y ense\u00f1a a tus generaciones a compreder y conocer la importancia de vivir alineados a los tiempos del Padre Celestial.<\/li>\n<\/ul>\n","protected":false},"excerpt":{"rendered":"<ul>\n<li>Cover full color<\/li>\n<li>Espiralado met\u00e1lico<\/li>\n<li>32 p\u00e1ginas interiores a full color<\/li>\n<li>Tama\u00f1o de 6 x 6 pulgadas o 16 x 16 cm<\/li>\n<\/ul>\n","protected":false},"featured_media":418,"comment_status":"open","ping_status":"closed","template":"","meta":{"_et_pb_use_builder":"","_et_pb_old_content":"","_et_gb_content_width":"","_monsterinsights_skip_tracking":false,"_monsterinsights_sitenote_active":false,"_monsterinsights_sitenote_note":"","_monsterinsights_sitenote_category":0},"product_brand":[],"product_cat":[21,35,20],"product_tag":[42,43,40,46,44,45,41],"class_list":{"0":"post-417","1":"product","2":"type-product","3":"status-publish","4":"has-post-thumbnail","6":"product_cat-familia","7":"product_cat-infantil","8":"product_cat-libros-impresos","9":"product_tag-convocatorias-biblicas","10":"product_tag-convocatorias-de-la-biblia","11":"product_tag-el-reloj-de-dios","12":"product_tag-fiestas-de-la-biblia","13":"product_tag-fiestas-de-otono-de-la-biblia","14":"product_tag-fiestas-de-verano-de-la-biblia","15":"product_tag-reloj-de-dios","17":"first","18":"instock","19":"taxable","20":"shipping-taxable","21":"purchasable","22":"product-type-simple"},"jetpack_sharing_enabled":true,"_links":{"self":[{"href":"https:\/\/tupalabra.info\/index.php\/wp-json\/wp\/v2\/product\/417","targetHints":{"allow":["GET"]}}],"collection":[{"href":"https:\/\/tupalabra.info\/index.php\/wp-json\/wp\/v2\/product"}],"about":[{"href":"https:\/\/tupalabra.info\/index.php\/wp-json\/wp\/v2\/types\/product"}],"replies":[{"embeddable":true,"href":"https:\/\/tupalabra.info\/index.php\/wp-json\/wp\/v2\/comments?post=417"}],"wp:featuredmedia":[{"embeddable":true,"href":"https:\/\/tupalabra.info\/index.php\/wp-json\/wp\/v2\/media\/418"}],"wp:attachment":[{"href":"https:\/\/tupalabra.info\/index.php\/wp-json\/wp\/v2\/media?parent=417"}],"wp:term":[{"taxonomy":"product_brand","embeddable":true,"href":"https:\/\/tupalabra.info\/index.php\/wp-json\/wp\/v2\/product_brand?post=417"},{"taxonomy":"product_cat","embeddable":true,"href":"https:\/\/tupalabra.info\/index.php\/wp-json\/wp\/v2\/product_cat?post=417"},{"taxonomy":"product_tag","embeddable":true,"href":"https:\/\/tupalabra.info\/index.php\/wp-json\/wp\/v2\/product_tag?post=417"}],"curies":[{"name":"wp","href":"https:\/\/api.w.org\/{rel}","templated":true}]}}