{"id":343,"date":"2023-01-07T03:02:53","date_gmt":"2023-01-07T03:02:53","guid":{"rendered":"https:\/\/tupalabra.info\/?post_type=product&#038;p=343"},"modified":"2025-11-23T14:46:23","modified_gmt":"2025-11-23T14:46:23","slug":"conociendo-al-padre-los-nombres-de-dios","status":"publish","type":"product","link":"https:\/\/tupalabra.info\/index.php\/product\/conociendo-al-padre-los-nombres-de-dios\/","title":{"rendered":"Conociendo al Padre, los nombres de Dios"},"content":{"rendered":"<p>Libro infantil y familiar a trav\u00e9s del cual podemos aprender algunos atributos del car\u00e1cter del Padre Celestial y los nombres b\u00edblicos que lo representan. Descubramos c\u00f3mo a trav\u00e9s de sus nombes el Padre nos revela su car\u00e1cter y la manera en la que El se manifiesta a nosotros cada d\u00eda de nuestra vida seg\u00fan nuestra necesidad.<\/p>\n<p>\u2022 44 p\u00e1ginas<br \/>\n\u2022 Grapado<br \/>\n\u2022 Full color<br \/>\n\u2022 Tama\u00f1o 6 x 6 in<br \/>\n\u2022 Portada full color, finalizado mate<\/p>\n","protected":false},"excerpt":{"rendered":"<p>Libro infantil y familiar a trav\u00e9s del cual podemos aprender algunos atributos del car\u00e1cter del Padre Celestial y los nombres b\u00edblicos que lo representan. Descubramos c\u00f3mo a trav\u00e9s de sus nombes el Padre nos revela su car\u00e1cter y la manera en la que El se manifiesta a nosotros cada d\u00eda de nuestra vida seg\u00fan nuestra necesidad.<\/p>\n","protected":false},"featured_media":344,"comment_status":"open","ping_status":"closed","template":"","meta":{"_et_pb_use_builder":"","_et_pb_old_content":"","_et_gb_content_width":"","_monsterinsights_skip_tracking":false,"_monsterinsights_sitenote_active":false,"_monsterinsights_sitenote_note":"","_monsterinsights_sitenote_category":0},"product_brand":[],"product_cat":[21,35,20],"product_tag":[38,39,36,37],"class_list":{"0":"post-343","1":"product","2":"type-product","3":"status-publish","4":"has-post-thumbnail","6":"product_cat-familia","7":"product_cat-infantil","8":"product_cat-libros-impresos","9":"product_tag-conociendo-a-dios","10":"product_tag-conociendo-al-padre","11":"product_tag-los-nombres-de-dios","12":"product_tag-nombres-de-dios","14":"first","15":"instock","16":"taxable","17":"shipping-taxable","18":"purchasable","19":"product-type-simple"},"jetpack_sharing_enabled":true,"_links":{"self":[{"href":"https:\/\/tupalabra.info\/index.php\/wp-json\/wp\/v2\/product\/343","targetHints":{"allow":["GET"]}}],"collection":[{"href":"https:\/\/tupalabra.info\/index.php\/wp-json\/wp\/v2\/product"}],"about":[{"href":"https:\/\/tupalabra.info\/index.php\/wp-json\/wp\/v2\/types\/product"}],"replies":[{"embeddable":true,"href":"https:\/\/tupalabra.info\/index.php\/wp-json\/wp\/v2\/comments?post=343"}],"wp:featuredmedia":[{"embeddable":true,"href":"https:\/\/tupalabra.info\/index.php\/wp-json\/wp\/v2\/media\/344"}],"wp:attachment":[{"href":"https:\/\/tupalabra.info\/index.php\/wp-json\/wp\/v2\/media?parent=343"}],"wp:term":[{"taxonomy":"product_brand","embeddable":true,"href":"https:\/\/tupalabra.info\/index.php\/wp-json\/wp\/v2\/product_brand?post=343"},{"taxonomy":"product_cat","embeddable":true,"href":"https:\/\/tupalabra.info\/index.php\/wp-json\/wp\/v2\/product_cat?post=343"},{"taxonomy":"product_tag","embeddable":true,"href":"https:\/\/tupalabra.info\/index.php\/wp-json\/wp\/v2\/product_tag?post=343"}],"curies":[{"name":"wp","href":"https:\/\/api.w.org\/{rel}","templated":true}]}}